{"id":851,"date":"2023-03-06T19:24:39","date_gmt":"2023-03-06T19:24:39","guid":{"rendered":"https:\/\/salberter.be\/?page_id=851"},"modified":"2024-03-01T09:07:04","modified_gmt":"2024-03-01T09:07:04","slug":"toona-10","status":"publish","type":"page","link":"https:\/\/salberter.be\/index.php\/toona-10\/","title":{"rendered":"Toona"},"content":{"rendered":"\t\t<div data-elementor-type=\"wp-page\" data-elementor-id=\"851\" class=\"elementor elementor-851\">\n\t\t\t\t\t\t\t\t\t<section class=\"elementor-section elementor-top-section elementor-element elementor-element-b89e761 elementor-section-boxed elementor-section-height-default elementor-section-height-default\" data-id=\"b89e761\" data-element_type=\"section\">\n\t\t\t\t\t\t<div class=\"elementor-container elementor-column-gap-default\">\n\t\t\t\t\t<div class=\"elementor-column elementor-col-50 elementor-top-column elementor-element elementor-element-8429e81\" data-id=\"8429e81\" data-element_type=\"column\">\n\t\t\t<div class=\"elementor-widget-wrap elementor-element-populated\">\n\t\t\t\t\t\t\t\t<div class=\"elementor-element elementor-element-05a3f0f elementor-widget elementor-widget-image\" data-id=\"05a3f0f\" data-element_type=\"widget\" data-widget_type=\"image.default\">\n\t\t\t\t<div class=\"elementor-widget-container\">\n\t\t\t<style>\/*! elementor - v3.11.2 - 22-02-2023 *\/\n.elementor-widget-image{text-align:center}.elementor-widget-image a{display:inline-block}.elementor-widget-image a img[src$=\".svg\"]{width:48px}.elementor-widget-image img{vertical-align:middle;display:inline-block}<\/style>\t\t\t\t\t\t\t\t\t\t\t\t<img loading=\"lazy\" decoding=\"async\" width=\"900\" height=\"599\" src=\"https:\/\/salberter.be\/wp-content\/uploads\/2023\/03\/motorisation-nice-toona-4024-pour-portail-battant.jpeg\" class=\"attachment-large size-large wp-image-852\" alt=\"\" srcset=\"https:\/\/salberter.be\/wp-content\/uploads\/2023\/03\/motorisation-nice-toona-4024-pour-portail-battant.jpeg 900w, https:\/\/salberter.be\/wp-content\/uploads\/2023\/03\/motorisation-nice-toona-4024-pour-portail-battant-300x200.jpeg 300w, https:\/\/salberter.be\/wp-content\/uploads\/2023\/03\/motorisation-nice-toona-4024-pour-portail-battant-768x511.jpeg 768w, https:\/\/salberter.be\/wp-content\/uploads\/2023\/03\/motorisation-nice-toona-4024-pour-portail-battant-90x60.jpeg 90w\" sizes=\"auto, (max-width: 900px) 100vw, 900px\" \/>\t\t\t\t\t\t\t\t\t\t\t\t\t\t\t<\/div>\n\t\t\t\t<\/div>\n\t\t\t\t\t<\/div>\n\t\t<\/div>\n\t\t\t\t<div class=\"elementor-column elementor-col-50 elementor-top-column elementor-element elementor-element-25a1ffc\" data-id=\"25a1ffc\" data-element_type=\"column\">\n\t\t\t<div class=\"elementor-widget-wrap elementor-element-populated\">\n\t\t\t\t\t\t\t\t<div class=\"elementor-element elementor-element-b2b6669 elementor-widget elementor-widget-heading\" data-id=\"b2b6669\" data-element_type=\"widget\" data-widget_type=\"heading.default\">\n\t\t\t\t<div class=\"elementor-widget-container\">\n\t\t\t<style>\/*! elementor - v3.11.2 - 22-02-2023 *\/\n.elementor-heading-title{padding:0;margin:0;line-height:1}.elementor-widget-heading .elementor-heading-title[class*=elementor-size-]>a{color:inherit;font-size:inherit;line-height:inherit}.elementor-widget-heading .elementor-heading-title.elementor-size-small{font-size:15px}.elementor-widget-heading .elementor-heading-title.elementor-size-medium{font-size:19px}.elementor-widget-heading .elementor-heading-title.elementor-size-large{font-size:29px}.elementor-widget-heading .elementor-heading-title.elementor-size-xl{font-size:39px}.elementor-widget-heading .elementor-heading-title.elementor-size-xxl{font-size:59px}<\/style><h2 class=\"elementor-heading-title elementor-size-default\">D\u00e9tails et sp\u00e9cifications<\/h2>\t\t<\/div>\n\t\t\t\t<\/div>\n\t\t\t\t<div class=\"elementor-element elementor-element-214c349 elementor-widget elementor-widget-text-editor\" data-id=\"214c349\" data-element_type=\"widget\" data-widget_type=\"text-editor.default\">\n\t\t\t\t<div class=\"elementor-widget-container\">\n\t\t\t<style>\/*! elementor - v3.11.2 - 22-02-2023 *\/\n.elementor-widget-text-editor.elementor-drop-cap-view-stacked .elementor-drop-cap{background-color:#818a91;color:#fff}.elementor-widget-text-editor.elementor-drop-cap-view-framed .elementor-drop-cap{color:#818a91;border:3px solid;background-color:transparent}.elementor-widget-text-editor:not(.elementor-drop-cap-view-default) .elementor-drop-cap{margin-top:8px}.elementor-widget-text-editor:not(.elementor-drop-cap-view-default) .elementor-drop-cap-letter{width:1em;height:1em}.elementor-widget-text-editor .elementor-drop-cap{float:left;text-align:center;line-height:1;font-size:50px}.elementor-widget-text-editor .elementor-drop-cap-letter{display:inline-block}<\/style>\t\t\t\t<p>&#8211; Irr\u00e9versible (bloquant)\u00a0<br \/>&#8211;\u00a0Programmation simple, avec une seule touche<br \/>&#8211;\u00a0Auto-apprentissage des fins de course en ouverture et en fermeture<br \/>&#8211;\u00a0Diagnostic automatique des anomalies<br \/>&#8211;\u00a0Programmation du temps de pause<br \/>&#8211; Ouverture pi\u00e9tonne<br \/>&#8211; Ralentissement en ouverture et en fermeture<br \/>&#8211; D\u00e9tection des obstacles \u00e0 double technologie<br \/>&#8211; Fonctionnement en l&rsquo;absence de courant avec batteries rechargeables (en option)<br \/>&#8211; Pr\u00e9vue pour la connexion des bords sensibles resistifs de derni\u00e8re g\u00e9n\u00e9ration<\/p>\t\t\t\t\t\t<\/div>\n\t\t\t\t<\/div>\n\t\t\t\t\t<\/div>\n\t\t<\/div>\n\t\t\t\t\t\t\t<\/div>\n\t\t<\/section>\n\t\t\t\t<section class=\"elementor-section elementor-top-section elementor-element elementor-element-33648c9 elementor-section-boxed elementor-section-height-default elementor-section-height-default\" data-id=\"33648c9\" data-element_type=\"section\">\n\t\t\t\t\t\t<div class=\"elementor-container elementor-column-gap-default\">\n\t\t\t\t\t<div class=\"elementor-column elementor-col-100 elementor-top-column elementor-element elementor-element-a7182f6\" data-id=\"a7182f6\" data-element_type=\"column\">\n\t\t\t<div class=\"elementor-widget-wrap elementor-element-populated\">\n\t\t\t\t\t\t\t\t<div class=\"elementor-element elementor-element-abe2c22 elementor-align-center elementor-widget elementor-widget-button\" data-id=\"abe2c22\" data-element_type=\"widget\" data-widget_type=\"button.default\">\n\t\t\t\t<div class=\"elementor-widget-container\">\n\t\t\t\t\t<div class=\"elementor-button-wrapper\">\n\t\t\t<a href=\"https:\/\/salberter.be\/index.php\/test-2\/\" class=\"elementor-button-link elementor-button elementor-size-sm\" role=\"button\">\n\t\t\t\t\t\t<span class=\"elementor-button-content-wrapper\">\n\t\t\t\t\t\t<span class=\"elementor-button-text\">Retour<\/span>\n\t\t<\/span>\n\t\t\t\t\t<\/a>\n\t\t<\/div>\n\t\t\t\t<\/div>\n\t\t\t\t<\/div>\n\t\t\t\t\t<\/div>\n\t\t<\/div>\n\t\t\t\t\t\t\t<\/div>\n\t\t<\/section>\n\t\t\t\t\t\t\t<\/div>\n\t\t","protected":false},"excerpt":{"rendered":"<p>D\u00e9tails et sp\u00e9cifications &#8211; Irr\u00e9versible (bloquant)\u00a0&#8211;\u00a0Programmation simple, avec une seule touche&#8211;\u00a0Auto-apprentissage des fins de course en ouverture et en fermeture&#8211;\u00a0Diagnostic automatique des anomalies&#8211;\u00a0Programmation du temps de pause&#8211; Ouverture pi\u00e9tonne&#8211; Ralentissement en ouverture et en fermeture&#8211; D\u00e9tection des obstacles \u00e0 double technologie&#8211; Fonctionnement en l&rsquo;absence de &hellip; <\/p>\n","protected":false},"author":1,"featured_media":0,"parent":0,"menu_order":0,"comment_status":"closed","ping_status":"closed","template":"","meta":{"footnotes":""},"class_list":["post-851","page","type-page","status-publish","hentry"],"yoast_head":"<!-- This site is optimized with the Yoast SEO plugin v20.2.1 - https:\/\/yoast.com\/wordpress\/plugins\/seo\/ -->\n<title>Toona - Automatisme et contr\u00f4le d&#039;acc\u00e8s<\/title>\n<meta name=\"robots\" content=\"index, follow, max-snippet:-1, max-image-preview:large, max-video-preview:-1\" \/>\n<link rel=\"canonical\" href=\"https:\/\/salberter.be\/index.php\/toona-10\/\" \/>\n<meta property=\"og:locale\" content=\"fr_CA\" \/>\n<meta property=\"og:type\" content=\"article\" \/>\n<meta property=\"og:title\" content=\"Toona - Automatisme et contr\u00f4le d&#039;acc\u00e8s\" \/>\n<meta property=\"og:description\" content=\"D\u00e9tails et sp\u00e9cifications &#8211; Irr\u00e9versible (bloquant)\u00a0&#8211;\u00a0Programmation simple, avec une seule touche&#8211;\u00a0Auto-apprentissage des fins de course en ouverture et en fermeture&#8211;\u00a0Diagnostic automatique des anomalies&#8211;\u00a0Programmation du temps de pause&#8211; Ouverture pi\u00e9tonne&#8211; Ralentissement en ouverture et en fermeture&#8211; D\u00e9tection des obstacles \u00e0 double technologie&#8211; Fonctionnement en l&rsquo;absence de &hellip;\" \/>\n<meta property=\"og:url\" content=\"https:\/\/salberter.be\/index.php\/toona-10\/\" \/>\n<meta property=\"og:site_name\" content=\"Automatisme et contr\u00f4le d&#039;acc\u00e8s\" \/>\n<meta property=\"article:modified_time\" content=\"2024-03-01T09:07:04+00:00\" \/>\n<meta property=\"og:image\" content=\"https:\/\/salberter.be\/wp-content\/uploads\/2023\/03\/motorisation-nice-toona-4024-pour-portail-battant.jpeg\" \/>\n<meta name=\"twitter:card\" content=\"summary_large_image\" \/>\n<meta name=\"twitter:label1\" content=\"Estimation du temps de lecture\" \/>\n\t<meta name=\"twitter:data1\" content=\"1 minute\" \/>\n<script type=\"application\/ld+json\" class=\"yoast-schema-graph\">{\"@context\":\"https:\/\/schema.org\",\"@graph\":[{\"@type\":\"WebPage\",\"@id\":\"https:\/\/salberter.be\/index.php\/toona-10\/\",\"url\":\"https:\/\/salberter.be\/index.php\/toona-10\/\",\"name\":\"Toona - Automatisme et contr\u00f4le d&#039;acc\u00e8s\",\"isPartOf\":{\"@id\":\"https:\/\/salberter.be\/#website\"},\"datePublished\":\"2023-03-06T19:24:39+00:00\",\"dateModified\":\"2024-03-01T09:07:04+00:00\",\"breadcrumb\":{\"@id\":\"https:\/\/salberter.be\/index.php\/toona-10\/#breadcrumb\"},\"inLanguage\":\"fr-CA\",\"potentialAction\":[{\"@type\":\"ReadAction\",\"target\":[\"https:\/\/salberter.be\/index.php\/toona-10\/\"]}]},{\"@type\":\"BreadcrumbList\",\"@id\":\"https:\/\/salberter.be\/index.php\/toona-10\/#breadcrumb\",\"itemListElement\":[{\"@type\":\"ListItem\",\"position\":1,\"name\":\"Accueil\",\"item\":\"https:\/\/salberter.be\/\"},{\"@type\":\"ListItem\",\"position\":2,\"name\":\"Toona\"}]},{\"@type\":\"WebSite\",\"@id\":\"https:\/\/salberter.be\/#website\",\"url\":\"https:\/\/salberter.be\/\",\"name\":\"Automatisme et contr\u00f4le d&#039;acc\u00e8s\",\"description\":\"Facilitez-vous la vie.\",\"publisher\":{\"@id\":\"https:\/\/salberter.be\/#organization\"},\"potentialAction\":[{\"@type\":\"SearchAction\",\"target\":{\"@type\":\"EntryPoint\",\"urlTemplate\":\"https:\/\/salberter.be\/?s={search_term_string}\"},\"query-input\":\"required name=search_term_string\"}],\"inLanguage\":\"fr-CA\"},{\"@type\":\"Organization\",\"@id\":\"https:\/\/salberter.be\/#organization\",\"name\":\"Automatisme et contr\u00f4le d&#039;acc\u00e8s\",\"url\":\"https:\/\/salberter.be\/\",\"logo\":{\"@type\":\"ImageObject\",\"inLanguage\":\"fr-CA\",\"@id\":\"https:\/\/salberter.be\/#\/schema\/logo\/image\/\",\"url\":\"https:\/\/salberter.be\/wp-content\/uploads\/2023\/02\/cropped-Sans-titre.jpg\",\"contentUrl\":\"https:\/\/salberter.be\/wp-content\/uploads\/2023\/02\/cropped-Sans-titre.jpg\",\"width\":254,\"height\":57,\"caption\":\"Automatisme et contr\u00f4le d&#039;acc\u00e8s\"},\"image\":{\"@id\":\"https:\/\/salberter.be\/#\/schema\/logo\/image\/\"}}]}<\/script>\n<!-- \/ Yoast SEO plugin. -->","yoast_head_json":{"title":"Toona - Automatisme et contr\u00f4le d&#039;acc\u00e8s","robots":{"index":"index","follow":"follow","max-snippet":"max-snippet:-1","max-image-preview":"max-image-preview:large","max-video-preview":"max-video-preview:-1"},"canonical":"https:\/\/salberter.be\/index.php\/toona-10\/","og_locale":"fr_CA","og_type":"article","og_title":"Toona - Automatisme et contr\u00f4le d&#039;acc\u00e8s","og_description":"D\u00e9tails et sp\u00e9cifications &#8211; Irr\u00e9versible (bloquant)\u00a0&#8211;\u00a0Programmation simple, avec une seule touche&#8211;\u00a0Auto-apprentissage des fins de course en ouverture et en fermeture&#8211;\u00a0Diagnostic automatique des anomalies&#8211;\u00a0Programmation du temps de pause&#8211; Ouverture pi\u00e9tonne&#8211; Ralentissement en ouverture et en fermeture&#8211; D\u00e9tection des obstacles \u00e0 double technologie&#8211; Fonctionnement en l&rsquo;absence de &hellip;","og_url":"https:\/\/salberter.be\/index.php\/toona-10\/","og_site_name":"Automatisme et contr\u00f4le d&#039;acc\u00e8s","article_modified_time":"2024-03-01T09:07:04+00:00","og_image":[{"url":"https:\/\/salberter.be\/wp-content\/uploads\/2023\/03\/motorisation-nice-toona-4024-pour-portail-battant.jpeg"}],"twitter_card":"summary_large_image","twitter_misc":{"Estimation du temps de lecture":"1 minute"},"schema":{"@context":"https:\/\/schema.org","@graph":[{"@type":"WebPage","@id":"https:\/\/salberter.be\/index.php\/toona-10\/","url":"https:\/\/salberter.be\/index.php\/toona-10\/","name":"Toona - Automatisme et contr\u00f4le d&#039;acc\u00e8s","isPartOf":{"@id":"https:\/\/salberter.be\/#website"},"datePublished":"2023-03-06T19:24:39+00:00","dateModified":"2024-03-01T09:07:04+00:00","breadcrumb":{"@id":"https:\/\/salberter.be\/index.php\/toona-10\/#breadcrumb"},"inLanguage":"fr-CA","potentialAction":[{"@type":"ReadAction","target":["https:\/\/salberter.be\/index.php\/toona-10\/"]}]},{"@type":"BreadcrumbList","@id":"https:\/\/salberter.be\/index.php\/toona-10\/#breadcrumb","itemListElement":[{"@type":"ListItem","position":1,"name":"Accueil","item":"https:\/\/salberter.be\/"},{"@type":"ListItem","position":2,"name":"Toona"}]},{"@type":"WebSite","@id":"https:\/\/salberter.be\/#website","url":"https:\/\/salberter.be\/","name":"Automatisme et contr\u00f4le d&#039;acc\u00e8s","description":"Facilitez-vous la vie.","publisher":{"@id":"https:\/\/salberter.be\/#organization"},"potentialAction":[{"@type":"SearchAction","target":{"@type":"EntryPoint","urlTemplate":"https:\/\/salberter.be\/?s={search_term_string}"},"query-input":"required name=search_term_string"}],"inLanguage":"fr-CA"},{"@type":"Organization","@id":"https:\/\/salberter.be\/#organization","name":"Automatisme et contr\u00f4le d&#039;acc\u00e8s","url":"https:\/\/salberter.be\/","logo":{"@type":"ImageObject","inLanguage":"fr-CA","@id":"https:\/\/salberter.be\/#\/schema\/logo\/image\/","url":"https:\/\/salberter.be\/wp-content\/uploads\/2023\/02\/cropped-Sans-titre.jpg","contentUrl":"https:\/\/salberter.be\/wp-content\/uploads\/2023\/02\/cropped-Sans-titre.jpg","width":254,"height":57,"caption":"Automatisme et contr\u00f4le d&#039;acc\u00e8s"},"image":{"@id":"https:\/\/salberter.be\/#\/schema\/logo\/image\/"}}]}},"_links":{"self":[{"href":"https:\/\/salberter.be\/index.php\/wp-json\/wp\/v2\/pages\/851","targetHints":{"allow":["GET"]}}],"collection":[{"href":"https:\/\/salberter.be\/index.php\/wp-json\/wp\/v2\/pages"}],"about":[{"href":"https:\/\/salberter.be\/index.php\/wp-json\/wp\/v2\/types\/page"}],"author":[{"embeddable":true,"href":"https:\/\/salberter.be\/index.php\/wp-json\/wp\/v2\/users\/1"}],"replies":[{"embeddable":true,"href":"https:\/\/salberter.be\/index.php\/wp-json\/wp\/v2\/comments?post=851"}],"version-history":[{"count":25,"href":"https:\/\/salberter.be\/index.php\/wp-json\/wp\/v2\/pages\/851\/revisions"}],"predecessor-version":[{"id":1638,"href":"https:\/\/salberter.be\/index.php\/wp-json\/wp\/v2\/pages\/851\/revisions\/1638"}],"wp:attachment":[{"href":"https:\/\/salberter.be\/index.php\/wp-json\/wp\/v2\/media?parent=851"}],"curies":[{"name":"wp","href":"https:\/\/api.w.org\/{rel}","templated":true}]}}